{"id":14,"date":"2025-05-26T19:14:57","date_gmt":"2025-05-26T19:14:57","guid":{"rendered":"http:\/\/www.kbprojepazarlama.com\/?page_id=14"},"modified":"2025-06-03T20:47:33","modified_gmt":"2025-06-03T20:47:33","slug":"kurucu_ortaklar","status":"publish","type":"page","link":"https:\/\/kbprojepazarlama.com\/en\/kurucu_ortaklar\/","title":{"rendered":"FOUNDING PARTNERS"},"content":{"rendered":"<div class=\"wp-block-columns is-layout-flex wp-container-core-columns-is-layout-9d6595d7 wp-block-columns-is-layout-flex\">\n<div class=\"wp-block-column is-layout-flow wp-block-column-is-layout-flow\">\n<div class=\"wp-block-media-text alignwide is-stacked-on-mobile is-vertically-aligned-center\" style=\"grid-template-columns:25% auto\"><figure class=\"wp-block-media-text__media\"><img loading=\"lazy\" decoding=\"async\" width=\"300\" height=\"336\" src=\"http:\/\/kbprojepazarlama.com\/wp-content\/uploads\/2025\/05\/pp.jpg\" alt=\"\" class=\"wp-image-147 size-full\" srcset=\"https:\/\/kbprojepazarlama.com\/wp-content\/uploads\/2025\/05\/pp.jpg 300w, https:\/\/kbprojepazarlama.com\/wp-content\/uploads\/2025\/05\/pp-268x300.jpg 268w\" sizes=\"auto, (max-width: 300px) 100vw, 300px\" \/><\/figure><div class=\"wp-block-media-text__content\">\n<p class=\"has-text-align-left\"><strong>Baturhan Ba\u015fkurt \u2013 Founding Partner<\/strong><\/p>\n\n\n\n<p class=\"has-text-align-left\">Throughout my professional career spanning since 1988, I have held various sales and marketing positions at national and international corporate companies such as \u015ei\u015fecam, Efes Pilsen, British American Tobacco Turkey, Areas Proje Pazarlama, and Emlakjet.<\/p>\n\n\n\n<p class=\"has-text-align-left\">After entering the real estate sector in 2008, I managed sales and rental services for A+ properties along the Bosphorus line. Subsequently, I held management roles in various projects within the scope of project marketing, and in later years, I served in senior executive positions in property sales to foreigners. I have gained sales and marketing experience in every aspect of the real estate business, including residences, villas, and commercial properties.<\/p>\n\n\n\n<p class=\"has-text-align-left\">When establishing K&amp;B Proje Pazarlama, my goal was to provide sustainable 'benefit' for all by applying my own business ethics while doing the work I know best. Everyone in the real estate sector should know that we are not just selling people a 'product,' but also opening a door to their new lives. As K&amp;B Proje Pazarlama, we act with the awareness that we are doing work that touches human lives, not merely for purposes such as profitability, trade, or economic development. The focus of our business\u2014and the primary goal of our entire team\u2014is to give people the value they deserve while meeting their housing needs.<\/p>\n<\/div><\/div>\n<\/div>\n<\/div>\n\n\n\n<div class=\"wp-block-media-text is-stacked-on-mobile\" style=\"grid-template-columns:25% auto\"><figure class=\"wp-block-media-text__media\"><img loading=\"lazy\" decoding=\"async\" width=\"300\" height=\"336\" src=\"http:\/\/kbprojepazarlama.com\/wp-content\/uploads\/2025\/06\/KudretHazer.jpg\" alt=\"\" class=\"wp-image-190 size-full\" srcset=\"https:\/\/kbprojepazarlama.com\/wp-content\/uploads\/2025\/06\/KudretHazer.jpg 300w, https:\/\/kbprojepazarlama.com\/wp-content\/uploads\/2025\/06\/KudretHazer-268x300.jpg 268w\" sizes=\"auto, (max-width: 300px) 100vw, 300px\" \/><\/figure><div class=\"wp-block-media-text__content\">\n<p><strong>Kudret HAZER \u2013 Founding Parter<\/strong><\/p>\n\n\n\n<p>I continue my professional life, which I started in 1986 with our family business in the automotive sector.<\/p>\n\n\n\n<p>I began my professional career in Real Estate Project Marketing in 2012\u2014a time when this concept was not as widespread as it is today and was even met with surprise. Over a significant period, I had the opportunity to manage the sales and marketing processes of numerous prestigious real estate projects. Particularly over the last 5 years, I have become intensively involved in property sales to foreign investors. Observing that this became an indispensable part of the sector after 2020, I have focused on developing efficient and sustainable models in this direction.<\/p>\n\n\n\n<p>I believe that qualities such as speed, efficiency, diligence, composure, and analytical thinking lead an individual to success in business life. I also believe that companies, just like people, must adapt to changing and evolving conditions and should not resist change.<\/p>\n\n\n\n<p>When establishing K&amp;B Proje Pazarlama, my goal was to provide sustainable 'benefit' for all by applying my own business ethics while doing the work I know best. Everyone in the real estate sector should know that we are not just selling people a 'product,' but also opening a door to their new lives. As K&amp;B Proje Pazarlama, we act with the awareness that we are doing work that touches human lives, not merely for purposes such as profitability, trade, or economic development. The focus of our business\u2014and the primary goal of our entire team\u2014is to give people the value they deserve while meeting their housing needs.<\/p>\n<\/div><\/div>","protected":false},"excerpt":{"rendered":"<p>Baturhan Ba\u015fkurt \u2013 Kurucu Ortak 1988 y\u0131l\u0131ndan beri s\u00fcrd\u00fcrd\u00fc\u011f\u00fcm profesyonel ya\u015fam\u0131mda \u015ei\u015fecam, Efes Pilsen, British American Tobacco T\u00fcrkiye, Areas Proje pazarlama, Emlakjet &nbsp;gibi ulusal ve uluslararas\u0131 kurumsal firmalarda \u00e7e\u015fitli sat\u0131\u015f ve pazarlama pozisyonlar\u0131nda g\u00f6rev ald\u0131m. 2008 y\u0131l\u0131nda emlak sekt\u00f6r\u00fc ile tan\u0131\u015ft\u0131ktan sonra Bo\u011faz Hatt\u0131\u2019nda A+ m\u00fclklerin sat\u0131\u015f\u0131 ve kiralanmas\u0131 hizmetlerini y\u00fcr\u00fctt\u00fcm, sonras\u0131nda proje pazarlama i\u015fi kapsam\u0131nda \u00e7e\u015fitli projelerde y\u00f6neticilik g\u00f6revleri ve daha sonraki y\u0131llarda ise yabanc\u0131ya m\u00fclk sat\u0131\u015f\u0131 i\u015finde \u00fcst d\u00fczey y\u00f6neticilik g\u00f6revlerini icra ettim. Konut, villa, ticari m\u00fclkler gibi gayrimenkul i\u015finin her alan\u0131nda sat\u0131\u015f pazarlama tecr\u00fcbem oldu. K&amp;B Proje Pazarlama\u2019 y\u0131 kurarken amac\u0131m en iyi bildi\u011fim i\u015fi yaparken, kendi i\u015f eti\u011fimi uygulay\u0131p herkes i\u00e7in s\u00fcrd\u00fcr\u00fclebilir \u2018fayda\u2019 sa\u011flamakt\u0131r. Emlak sekt\u00f6r\u00fcndeki herkes bilmelidir ki bizler sadece insanlara birer \u2018\u00fcr\u00fcn\u2019 satm\u0131yoruz ayn\u0131 zamanda onlara yeni hayatlar\u0131 i\u00e7in birer kap\u0131 a\u00e7\u0131yoruz. K&amp;B Proje Pazarlama olarak biz, bu i\u015fi yaparken sadece karl\u0131l\u0131k, ticaret, ekonomik geli\u015fim gibi ama\u00e7larla de\u011fil, insan hayat\u0131na dokunan bir i\u015f yapt\u0131\u011f\u0131m\u0131z\u0131n&hellip;<\/p>\n<p> <a class=\"more-link\" href=\"https:\/\/kbprojepazarlama.com\/en\/kurucu_ortaklar\/\">Read more<\/a><\/p>","protected":false},"author":1,"featured_media":0,"parent":0,"menu_order":0,"comment_status":"closed","ping_status":"closed","template":"","meta":{"footnotes":""},"class_list":["post-14","page","type-page","status-publish"],"_links":{"self":[{"href":"https:\/\/kbprojepazarlama.com\/en\/wp-json\/wp\/v2\/pages\/14","targetHints":{"allow":["GET"]}}],"collection":[{"href":"https:\/\/kbprojepazarlama.com\/en\/wp-json\/wp\/v2\/pages"}],"about":[{"href":"https:\/\/kbprojepazarlama.com\/en\/wp-json\/wp\/v2\/types\/page"}],"author":[{"embeddable":true,"href":"https:\/\/kbprojepazarlama.com\/en\/wp-json\/wp\/v2\/users\/1"}],"replies":[{"embeddable":true,"href":"https:\/\/kbprojepazarlama.com\/en\/wp-json\/wp\/v2\/comments?post=14"}],"version-history":[{"count":11,"href":"https:\/\/kbprojepazarlama.com\/en\/wp-json\/wp\/v2\/pages\/14\/revisions"}],"predecessor-version":[{"id":195,"href":"https:\/\/kbprojepazarlama.com\/en\/wp-json\/wp\/v2\/pages\/14\/revisions\/195"}],"wp:attachment":[{"href":"https:\/\/kbprojepazarlama.com\/en\/wp-json\/wp\/v2\/media?parent=14"}],"curies":[{"name":"wp","href":"https:\/\/api.w.org\/{rel}","templated":true}]}}