{"id":17,"date":"2025-05-26T19:19:16","date_gmt":"2025-05-26T19:19:16","guid":{"rendered":"http:\/\/www.kbprojepazarlama.com\/?page_id=17"},"modified":"2025-07-04T21:37:42","modified_gmt":"2025-07-04T21:37:42","slug":"bize-ulasin","status":"publish","type":"page","link":"https:\/\/kbprojepazarlama.com\/en\/bize-ulasin\/","title":{"rendered":"CONTACT US"},"content":{"rendered":"<p><\/p>\n\n\n\n<div class=\"wp-block-columns is-layout-flex wp-container-core-columns-is-layout-9d6595d7 wp-block-columns-is-layout-flex\">\n<div class=\"wp-block-column is-layout-flow wp-block-column-is-layout-flow\">\n<p><strong>Address:<\/strong> Fulya Mahallesi B\u00fcy\u00fckdere Caddesi Torun Center<\/p>\n\n\n\n<p>D Blok No: 74 No: 10  \u0130STANBUL \/ TURK\u0130YE<\/p>\n\n\n\n<p><strong>E mail:<\/strong> <a href=\"mailto:info@kbprojepazarlama.com\">info@kbprojepazarlama.com<\/a> <\/p>\n\n\n\n<p><strong>Phone<\/strong><\/p>\n\n\n\n<p>Gsm +90 533 724 74 03 <\/p>\n\n\n\n<p><strong>Office<\/strong> +90 212  995 08 42<\/p>\n<\/div>\n\n\n\n<div class=\"wp-block-column is-layout-flow wp-block-column-is-layout-flow\"><div class=\"wp-block-calendar\"><table id=\"wp-calendar\" class=\"wp-calendar-table\">\n\t<caption>April 2026<\/caption>\n\t<thead>\n\t<tr>\n\t\t<th scope=\"col\" aria-label=\"Monday\">M<\/th>\n\t\t<th scope=\"col\" aria-label=\"Tuesday\">T<\/th>\n\t\t<th scope=\"col\" aria-label=\"Wednesday\">W<\/th>\n\t\t<th scope=\"col\" aria-label=\"Thursday\">T<\/th>\n\t\t<th scope=\"col\" aria-label=\"Friday\">F<\/th>\n\t\t<th scope=\"col\" aria-label=\"Saturday\">S<\/th>\n\t\t<th scope=\"col\" aria-label=\"Sunday\">S<\/th>\n\t<\/tr>\n\t<\/thead>\n\t<tbody>\n\t<tr>\n\t\t<td colspan=\"2\" class=\"pad\">&nbsp;<\/td><td>1<\/td><td>2<\/td><td>3<\/td><td>4<\/td><td>5<\/td>\n\t<\/tr>\n\t<tr>\n\t\t<td>6<\/td><td>7<\/td><td>8<\/td><td>9<\/td><td>10<\/td><td>11<\/td><td>12<\/td>\n\t<\/tr>\n\t<tr>\n\t\t<td>13<\/td><td>14<\/td><td>15<\/td><td>16<\/td><td>17<\/td><td id=\"today\">18<\/td><td>19<\/td>\n\t<\/tr>\n\t<tr>\n\t\t<td>20<\/td><td>21<\/td><td>22<\/td><td>23<\/td><td>24<\/td><td>25<\/td><td>26<\/td>\n\t<\/tr>\n\t<tr>\n\t\t<td>27<\/td><td>28<\/td><td>29<\/td><td>30<\/td>\n\t\t<td class=\"pad\" colspan=\"3\">&nbsp;<\/td>\n\t<\/tr>\n\t<\/tbody>\n\t<\/table><nav aria-label=\"Previous and next months\" class=\"wp-calendar-nav\">\n\t\t<span class=\"wp-calendar-nav-prev\"><a href=\"https:\/\/kbprojepazarlama.com\/en\/2025\/07\/\">&laquo; Jul<\/a><\/span>\n\t\t<span class=\"pad\">&nbsp;<\/span>\n\t\t<span class=\"wp-calendar-nav-next\">&nbsp;<\/span>\n\t<\/nav><\/div><\/div>\n<\/div>","protected":false},"excerpt":{"rendered":"<p>Adres: Fulya Mahallesi B\u00fcy\u00fckdere Caddesi Torun Center D Blok No: 74 No: 10 \u0130STANBUL \/ TURK\u0130YE E mail: info@kbprojepazarlama.com Telefon Gsm +90 533 724 74 03 Ofis: +90 212 995 08 42<\/p>","protected":false},"author":1,"featured_media":179,"parent":0,"menu_order":0,"comment_status":"closed","ping_status":"closed","template":"","meta":{"footnotes":""},"class_list":["post-17","page","type-page","status-publish","has-post-thumbnail"],"_links":{"self":[{"href":"https:\/\/kbprojepazarlama.com\/en\/wp-json\/wp\/v2\/pages\/17","targetHints":{"allow":["GET"]}}],"collection":[{"href":"https:\/\/kbprojepazarlama.com\/en\/wp-json\/wp\/v2\/pages"}],"about":[{"href":"https:\/\/kbprojepazarlama.com\/en\/wp-json\/wp\/v2\/types\/page"}],"author":[{"embeddable":true,"href":"https:\/\/kbprojepazarlama.com\/en\/wp-json\/wp\/v2\/users\/1"}],"replies":[{"embeddable":true,"href":"https:\/\/kbprojepazarlama.com\/en\/wp-json\/wp\/v2\/comments?post=17"}],"version-history":[{"count":9,"href":"https:\/\/kbprojepazarlama.com\/en\/wp-json\/wp\/v2\/pages\/17\/revisions"}],"predecessor-version":[{"id":338,"href":"https:\/\/kbprojepazarlama.com\/en\/wp-json\/wp\/v2\/pages\/17\/revisions\/338"}],"wp:featuredmedia":[{"embeddable":true,"href":"https:\/\/kbprojepazarlama.com\/en\/wp-json\/wp\/v2\/media\/179"}],"wp:attachment":[{"href":"https:\/\/kbprojepazarlama.com\/en\/wp-json\/wp\/v2\/media?parent=17"}],"curies":[{"name":"wp","href":"https:\/\/api.w.org\/{rel}","templated":true}]}}