{"id":200,"date":"2025-06-03T20:57:41","date_gmt":"2025-06-03T20:57:41","guid":{"rendered":"http:\/\/www.kbprojepazarlama.com\/?page_id=200"},"modified":"2025-06-03T21:00:11","modified_gmt":"2025-06-03T21:00:11","slug":"hakkimizda","status":"publish","type":"page","link":"https:\/\/kbprojepazarlama.com\/en\/hakkimizda\/","title":{"rendered":"ABOUT US"},"content":{"rendered":"<p>K&amp;B Proje Pazarlama is a company established through the collaboration of two of the industry's most experienced professionals, enabling us to deliver world-class service to our stakeholders at every level. Our professional approach, shaped by the principles of honesty and passion for our work, is unified by our motto: \"Sustainable benefit for all.\" For us, profitability, customer satisfaction, sustainable development, and environmental awareness are not conflicting concepts; on the contrary, together they represent \"sustainable benefit for all.\"<\/p>\n\n\n\n<p>As K&amp;B Proje Pazarlama, we offer a comprehensive project marketing service supported by our proven track record, professionalism, and in-depth industry knowledge. Our experience stems from projects and stakeholders across various areas of the real estate sector. K&amp;B Proje Pazarlama provides an integrated approach and offers a unique perspective on all project marketing needs, guaranteeing the achievement of desired results through our extensive real estate and property development experience. At K&amp;B Proje Pazarlama, we combine research, planning, marketing, and sales for optimum results.<\/p>\n\n\n\n<h3 class=\"wp-block-heading\">\u2018Benefit for All\u2019<\/h3>\n\n\n\n<ul class=\"wp-block-list\">\n<li>Providing <strong><strong>benefit<\/strong><\/strong> to project developers<\/li>\n\n\n\n<li>Providing<strong> benefit <\/strong>to project developers<\/li>\n\n\n\n<li>\u00c7al\u0131\u015fan kadrolar\u0131m\u0131za <strong><strong>fayd<\/strong>a <\/strong>to project developers<\/li>\n\n\n\n<li>Kurumumuza <strong>benefit<\/strong> to project developers<\/li>\n\n\n\n<li>Do\u011fay\u0131 korumak, g\u00fcn\u00fcm\u00fcze ve gelecek nesillere <strong>benefit<\/strong> to project developers<\/li>\n\n\n\n<li>Verimlik, kazan\u00e7 ve sonunda vergi, Devletimize <strong>benefit<\/strong> to project developers<\/li>\n<\/ul>","protected":false},"excerpt":{"rendered":"<p>K&amp;B Proje Pazarlama, payda\u015flar\u0131m\u0131za her d\u00fczeyde birinci s\u0131n\u0131f hizmet sunmam\u0131z\u0131 sa\u011flayan, sekt\u00f6r\u00fcn en deneyimli iki profesyonelinin \u00a0i\u015fbirli\u011fi sonucu kurulmu\u015f bir \u015firkettir.\u00a0 D\u00fcr\u00fcstl\u00fck ve i\u015f a\u015fk\u0131 prensipleriyle \u015fekillenen profesyonel \u00e7izgimiz \u2018herkes i\u00e7in s\u00fcrd\u00fcr\u00fclebilir fayda\u2019 mottosu ile b\u00fct\u00fcnl\u00fck kazanmaktad\u0131r. Karl\u0131l\u0131k, m\u00fc\u015fteri memnuniyeti, s\u00fcrd\u00fcr\u00fclebilir geli\u015fmi\u015flik ve \u00e7evre bilinci bizler i\u00e7in birbirleri ile \u00e7eli\u015fen kavramlar de\u011fil, tam tersi bir arada \u2018herkes i\u00e7in s\u00fcrd\u00fcr\u00fclebilir fayda\u2019 demektir. K&amp;B Proje Pazarlama olarak biz, kan\u0131tlanm\u0131\u015f ge\u00e7mi\u015fimiz, profesyonelli\u011fimiz ve derinlemesine mesleki bilgimizle desteklenen eksiksiz bir proje pazarlama hizmeti sunuyoruz. Tecr\u00fcbemiz, emlak sekt\u00f6r\u00fcndeki pek \u00e7ok alanda ger\u00e7ekle\u015ftirdi\u011fimiz projelerden ve payda\u015flardan\u00a0 ileri gelmektedir.\u00a0 \u00a0K&amp;B Proje Pazarlama \u00a0entegre bir yakla\u015f\u0131m sa\u011flar ve t\u00fcm proje pazarlama ihtiya\u00e7lar\u0131na benzersiz bir bak\u0131\u015f a\u00e7\u0131s\u0131 sunar, geni\u015f emlak ve emlak geli\u015ftirme deneyimi ile istenen sonu\u00e7lara ula\u015fmay\u0131 garanti eder. K&amp;B Proje Pazarlama&#8217;da, optimum sonu\u00e7lar i\u00e7in ara\u015ft\u0131rma, planlama, pazarlama ve sat\u0131\u015flar\u0131 birle\u015ftiriyoruz. \u2018Herkes \u0130\u00e7in Fayda\u2019<\/p>","protected":false},"author":1,"featured_media":203,"parent":0,"menu_order":0,"comment_status":"closed","ping_status":"closed","template":"","meta":{"footnotes":""},"class_list":["post-200","page","type-page","status-publish","has-post-thumbnail"],"_links":{"self":[{"href":"https:\/\/kbprojepazarlama.com\/en\/wp-json\/wp\/v2\/pages\/200","targetHints":{"allow":["GET"]}}],"collection":[{"href":"https:\/\/kbprojepazarlama.com\/en\/wp-json\/wp\/v2\/pages"}],"about":[{"href":"https:\/\/kbprojepazarlama.com\/en\/wp-json\/wp\/v2\/types\/page"}],"author":[{"embeddable":true,"href":"https:\/\/kbprojepazarlama.com\/en\/wp-json\/wp\/v2\/users\/1"}],"replies":[{"embeddable":true,"href":"https:\/\/kbprojepazarlama.com\/en\/wp-json\/wp\/v2\/comments?post=200"}],"version-history":[{"count":1,"href":"https:\/\/kbprojepazarlama.com\/en\/wp-json\/wp\/v2\/pages\/200\/revisions"}],"predecessor-version":[{"id":202,"href":"https:\/\/kbprojepazarlama.com\/en\/wp-json\/wp\/v2\/pages\/200\/revisions\/202"}],"wp:featuredmedia":[{"embeddable":true,"href":"https:\/\/kbprojepazarlama.com\/en\/wp-json\/wp\/v2\/media\/203"}],"wp:attachment":[{"href":"https:\/\/kbprojepazarlama.com\/en\/wp-json\/wp\/v2\/media?parent=200"}],"curies":[{"name":"wp","href":"https:\/\/api.w.org\/{rel}","templated":true}]}}